{"id":17,"date":"2020-11-21T02:46:51","date_gmt":"2020-11-21T02:46:51","guid":{"rendered":"http:\/\/canoe.moxiworks.com\/maximum\/fr-ca\/sellers"},"modified":"2021-03-05T01:55:48","modified_gmt":"2021-03-05T06:55:48","slug":"sellers","status":"publish","type":"page","link":"https:\/\/maximum.c21.ca\/fr-ca\/sellers","title":{"rendered":"VENDEURS"},"content":{"rendered":"\n<h1>\n\t\tPROFITEZ DE NOTRE SERVICE EN OR\n\t<\/h1>\n\t<p>La vente de votre propri\u00e9t\u00e9 peut \u00eatre une exp\u00e9rience accablante si votre courtier immobilier ne fait pas le poids.<\/p>\n<h1>\n\t\tPROFITEZ DE NOTRE SERVICE EN OR\n\t<\/h1>\n\t<p>La vente de votre propri\u00e9t\u00e9 peut \u00eatre une exp\u00e9rience accablante si votre courtier immobilier ne fait pas le poids.<\/p>\n<h2>\n\t\tL\u00c0 POUR VOUS \u00c0 CHAQUE \u00c9TAPE\n\t<\/h2>\n\t<p>Nous vous expliquerons les facteurs du march\u00e9 qui pourraient influer sur le prix, la pr\u00e9paration et la promotion de votre propri\u00e9t\u00e9, afin que vous puissiez prendre une d\u00e9cision \u00e9clair\u00e9e en fonction de vos besoins. Nous vous pr\u00e9senterons un plan de marketing personnalis\u00e9 et utiliserons des outils technologiques de pointe pour exposer votre propri\u00e9t\u00e9 \u00e0 un maximum d&#8217;acheteurs potentiels \u00e0 l&#8217;\u00e9chelle locale et internationale afin que vous obteniez le meilleur prix pour votre bien immobilier. Profitez de la notori\u00e9t\u00e9 mondiale de CENTURY 21<sup>MD<\/sup>, l&#8217;une des marques immobili\u00e8res les plus renomm\u00e9es, et de l&#8217;expertise locale de nos courtiers, pour assurer la r\u00e9ussite de votre transaction immobili\u00e8re.<\/p>\n\t\t\t<a href=\"\/fr-ca\/directory\" target=\"_self\" role=\"button\" rel=\"noopener noreferrer\">\n\t\t\t\t\t\t\tTrouver un courtier\n\t\t\t\t\t<\/a>\n\t\t\t<a href=\"\/fr-ca\/neighborhood-news\" target=\"_self\" role=\"button\" rel=\"noopener noreferrer\">\n\t\t\t\t\t\t\tNOUVELLES DU MARCH\u00c9\n\t\t\t\t\t<\/a>\n<h2>\n\t\tL\u00c0 POUR VOUS \u00c0 CHAQUE \u00c9TAPE\n\t<\/h2>\n\t<p>Nous vous expliquerons les facteurs du march\u00e9 qui pourraient influer sur le prix, la pr\u00e9paration et la promotion de votre propri\u00e9t\u00e9, afin que vous puissiez prendre une d\u00e9cision \u00e9clair\u00e9e en fonction de vos besoins. Nous vous pr\u00e9senterons un plan de marketing personnalis\u00e9 et utiliserons des outils technologiques de pointe pour exposer votre propri\u00e9t\u00e9 \u00e0 un maximum d&#8217;acheteurs potentiels \u00e0 l&#8217;\u00e9chelle locale et internationale afin que vous obteniez le meilleur prix pour votre bien immobilier. Profitez de la notori\u00e9t\u00e9 mondiale de CENTURY 21<sup>MD<\/sup>, l&#8217;une des marques immobili\u00e8res les plus renomm\u00e9es, et de l&#8217;expertise locale de nos courtiers, pour assurer la r\u00e9ussite de votre transaction immobili\u00e8re.<\/p>\n\t\t\t<a href=\"\/fr-ca\/directory\" target=\"_self\" role=\"button\" rel=\"noopener noreferrer\">\n\t\t\t\t\t\t\tTrouver un courtier\n\t\t\t\t\t<\/a>\n\t\t\t<a href=\"\/fr-ca\/neighborhood-news\" target=\"_self\" role=\"button\" rel=\"noopener noreferrer\">\n\t\t\t\t\t\t\tNOUVELLES DU MARCH\u00c9\n\t\t\t\t\t<\/a>\n<h2>\n\t\tFAITES CONFIANCE \u00c0 UN COURTIER IMMOBILIER C21\n\t<\/h2>\n\t<p>Chez CENTURY\u00a021<sup>MD<\/sup>, nous vous proposons l&#8217;information la plus \u00e0 jour pour vous aider \u00e0 prendre une d\u00e9cision \u00e9clair\u00e9e avant d&#8217;effectuer une transaction immobili\u00e8re.<\/p>\n\t\t\t<a href=\"\/fr-ca\/directory\" target=\"_self\" role=\"button\" rel=\"noopener noreferrer\">\n\t\t\t\t\t\t\tTrouver un courtier\n\t\t\t\t\t<\/a>\n<h2>\n\t\tFAITES CONFIANCE \u00c0 UN COURTIER IMMOBILIER C21\n\t<\/h2>\n\t<p>Chez CENTURY\u00a021<sup>MD<\/sup>, nous vous proposons l&#8217;information la plus \u00e0 jour pour vous aider \u00e0 prendre une d\u00e9cision \u00e9clair\u00e9e avant d&#8217;effectuer une transaction immobili\u00e8re.<\/p>\n\t\t\t<a href=\"\/fr-ca\/directory\" target=\"_self\" role=\"button\" rel=\"noopener noreferrer\">\n\t\t\t\t\t\t\tTrouver un courtier\n\t\t\t\t\t<\/a>\n\t\t\t\t<img decoding=\"async\" src=\"\/\/century21.agent.hub21.ca\/files\/2020\/11\/Mask-Group-38.png\" alt=\"Neighborhood News\" itemprop=\"image\" title=\"Neighborhood News\" onerror=\"this.style.display='none'\"  \/>\n<h2>\n\t\tNouvelles du quartier\n\t<\/h2>\n\t<p>Vous voulez en savoir plus sur un quartier en particulier? Remplissez le formulaire pour d\u00e9marrer.<\/p>\n\t\t\t<a href=\"\/fr-ca\/neighborhood-news\" target=\"_self\" role=\"button\" rel=\"noopener noreferrer\">\n\t\t\t\t\t\t\tCOMMENCER\n\t\t\t\t\t<\/a>\n<h2>\n\t\tL&#8217;AVANTAGE CENTURY 21\n\t<\/h2>\n\t\t\t\t<img decoding=\"async\" src=\"\/\/templates.c21canada.moxiworks.net\/files\/2020\/11\/Mask-Group-6-1.png\" alt=\"Century 21\" itemprop=\"image\" title=\"Century 21\" onerror=\"this.style.display='none'\"  \/>\n<h4>\n\t\tVisibilit\u00e9 mondiale\n\t<\/h4>\n\t<p>Votre propri\u00e9t\u00e9 b\u00e9n\u00e9ficie d&#8217;une visibilit\u00e9 mondiale optimale, puisque votre inscription est publi\u00e9e dans votre r\u00e9gion et dans le monde entier. Chaque inscription CENTURY\u00a021<sup>MD<\/sup> est publi\u00e9e sur Century21Global.com, site Web accessible dans 36 pays et 18 langues.<\/p>\n<h4>\n\t\tPlan de marketing personnalis\u00e9\n\t<\/h4>\n\t<p>Nous collaborerons avec vous pour cr\u00e9er un plan de marketing qui vous permettra d&#8217;obtenir le meilleur prix pour votre bien immobilier. CENTURY\u00a021<sup>MD<\/sup> vous aide \u00e0 promouvoir efficacement votre inscription et \u00e0 vous d\u00e9marquer de la concurrence.<\/p>\n<h4>\n\t\tFormation \u00e0 la fine pointe\n\t<\/h4>\n\t<p>Nous avons pour philosophie de bien former nos membres afin qu&#8217;ils puissent r\u00e9ussir en immobilier. Les programmes de formation de C21 visent \u00e0 aider les courtiers \u00e0 chaque \u00e9tape de leur parcours. Notre plateforme d&#8217;apprentissage bas\u00e9e sur le rendement est l&#8217;une des plus exhaustives de l&#8217;industrie.<\/p>\n<h4>\n\t\tEngagement communautaire\n\t<\/h4>\n\t<p>Nous croyons qu&#8217;il est important de s&#8217;investir dans la communaut\u00e9. Depuis plus de 40\u00a0ans, nous aidons les Timbres de P\u00e2ques, notre partenaire de bienfaisance officiel, \u00e0 faire vivre aux enfants handicap\u00e9s l&#8217;exp\u00e9rience d&#8217;un camp d&#8217;\u00e9t\u00e9, gr\u00e2ce \u00e0 notre programme de Camp de vacances. Nous sommes fiers de dire que nos membres ont amass\u00e9 plus de 11\u00a0millions de dollars depuis l&#8217;\u00e9tablissement de notre partenariat en 1979.<\/p>\n\n","protected":false},"excerpt":{"rendered":"<p>PROFITEZ DE NOTRE SERVICE EN OR La vente de votre propri\u00e9t\u00e9 peut \u00eatre une exp\u00e9rience accablante si votre courtier immobilier ne fait pas le poids. PROFITEZ DE NOTRE SERVICE EN OR La vente de votre propri\u00e9t\u00e9 peut \u00eatre une exp\u00e9rience accablante si votre courtier immobilier ne fait pas le poids. L\u00c0 POUR VOUS \u00c0 CHAQUE [&hellip;]<\/p>\n","protected":false},"author":2,"featured_media":1788,"parent":0,"menu_order":0,"comment_status":"closed","ping_status":"closed","template":"","meta":{"footnotes":""},"class_list":["post-17","page","type-page","status-publish","has-post-thumbnail","hentry"],"_links":{"self":[{"href":"https:\/\/maximum.c21.ca\/fr-ca\/wp-json\/wp\/v2\/pages\/17","targetHints":{"allow":["GET"]}}],"collection":[{"href":"https:\/\/maximum.c21.ca\/fr-ca\/wp-json\/wp\/v2\/pages"}],"about":[{"href":"https:\/\/maximum.c21.ca\/fr-ca\/wp-json\/wp\/v2\/types\/page"}],"author":[{"embeddable":true,"href":"https:\/\/maximum.c21.ca\/fr-ca\/wp-json\/wp\/v2\/users\/2"}],"replies":[{"embeddable":true,"href":"https:\/\/maximum.c21.ca\/fr-ca\/wp-json\/wp\/v2\/comments?post=17"}],"version-history":[{"count":1,"href":"https:\/\/maximum.c21.ca\/fr-ca\/wp-json\/wp\/v2\/pages\/17\/revisions"}],"predecessor-version":[{"id":33,"href":"https:\/\/maximum.c21.ca\/fr-ca\/wp-json\/wp\/v2\/pages\/17\/revisions\/33"}],"wp:featuredmedia":[{"embeddable":true,"href":"https:\/\/maximum.c21.ca\/fr-ca\/wp-json\/"}],"wp:attachment":[{"href":"https:\/\/maximum.c21.ca\/fr-ca\/wp-json\/wp\/v2\/media?parent=17"}],"curies":[{"name":"wp","href":"https:\/\/api.w.org\/{rel}","templated":true}]}}